{"id":1006,"date":"2020-07-29T09:02:49","date_gmt":"2020-07-29T07:02:49","guid":{"rendered":"http:\/\/www.vercosrl.it\/wear-parts\/"},"modified":"2020-12-11T11:44:12","modified_gmt":"2020-12-11T10:44:12","slug":"wear-parts","status":"publish","type":"page","link":"https:\/\/www.vercosrl.it\/de\/wear-parts\/","title":{"rendered":"Recycling"},"content":{"rendered":"<div class=\"page\" title=\"Page 5\">\n<div class=\"layoutArea\">\n<div class=\"column\">\n<p>Neben der Prim\u00e4rproduktion ist Verco srl in der Lage, L\u00f6sungen und eine umfangreiche Palette von Ersatzteilen anzubieten: Zubeh\u00f6r, Zimmerei verschiedener Art, kundenspezifische Verschlei\u00dfteile und bearbeitete Teile f\u00fcr alle Arten von Industrien, in denen es Probleme im Zusammenhang mit Materialverschlei\u00df gibt.\u00a0 \u00a0 \u00a0 \u00a0 \u00a0 \u00a0 \u00a0 \u00a0 \u00a0 \u00a0 \u00a0 \u00a0 \u00a0 \u00a0 \u00a0 \u00a0 \u00a0 \u00a0 \u00a0 \u00a0 \u00a0 \u00a0 \u00a0 \u00a0 \u00a0 \u00a0 \u00a0 \u00a0 \u00a0 \u00a0 \u00a0 \u00a0 \u00a0 \u00a0 \u00a0 \u00a0 \u00a0 \u00a0 \u00a0 \u00a0 \u00a0 \u00a0 \u00a0 \u00a0 \u00a0 \u00a0 \u00a0 \u00a0 \u00a0 \u00a0 \u00a0 \u00a0 \u00a0 \u00a0 \u00a0 \u00a0 \u00a0 \u00a0 \u00a0 \u00a0 \u00a0 \u00a0 \u00a0 \u00a0 \u00a0 \u00a0 \u00a0 \u00a0 \u00a0 \u00a0 \u00a0 \u00a0 \u00a0 \u00a0 \u00a0 \u00a0 \u00a0 \u00a0 \u00a0 \u00a0 \u00a0 \u00a0 \u00a0 \u00a0 \u00a0 \u00a0 \u00a0 \u00a0 \u00a0 \u00a0 \u00a0 \u00a0 \u00a0 \u00a0 \u00a0 \u00a0 \u00a0 \u00a0<img loading=\"lazy\" class=\"alignnone size-full wp-image-1169\" src=\"https:\/\/www.vercosrl.it\/content\/uploads\/2020\/07\/toolox.jpg\" alt=\"\" width=\"161\" height=\"50\" \/> <img loading=\"lazy\" class=\"alignnone size-full wp-image-1172\" src=\"https:\/\/www.vercosrl.it\/content\/uploads\/2020\/07\/hardox.jpg\" alt=\"\" width=\"152\" height=\"50\" \/><\/p>\n<p>Unser Produktionsprogramm umfasst vier Kategorien:<\/p>\n<\/div>\n<\/div>\n<\/div>\n","protected":false},"excerpt":{"rendered":"<p>Neben der Prim\u00e4rproduktion ist Verco srl in der Lage, L\u00f6sungen und eine umfangreiche Palette von Ersatzteilen anzubieten: Zubeh\u00f6r, Zimmerei verschiedener Art, kundenspezifische Verschlei\u00dfteile und bearbeitete Teile f\u00fcr alle Arten von Industrien, in denen [&hellip;]<\/p>\n","protected":false},"author":1,"featured_media":0,"parent":0,"menu_order":35,"comment_status":"closed","ping_status":"closed","template":"","meta":[],"yoast_head":"<!-- This site is optimized with the Yoast SEO plugin v15.1 - https:\/\/yoast.com\/wordpress\/plugins\/seo\/ -->\n<meta name=\"robots\" content=\"index, follow, max-snippet:-1, max-image-preview:large, max-video-preview:-1\" \/>\n<link rel=\"canonical\" href=\"https:\/\/www.vercosrl.it\/de\/wear-parts\/\" \/>\n<meta property=\"og:locale\" content=\"de_DE\" \/>\n<meta property=\"og:type\" content=\"article\" \/>\n<meta property=\"og:title\" content=\"Recycling - Verco S.r.l. | Benne per escavatori | Pale Caricatrici | Brescia\" \/>\n<meta property=\"og:description\" content=\"Neben der Prim\u00e4rproduktion ist Verco srl in der Lage, L\u00f6sungen und eine umfangreiche Palette von Ersatzteilen anzubieten: Zubeh\u00f6r, Zimmerei verschiedener Art, kundenspezifische Verschlei\u00dfteile und bearbeitete Teile f\u00fcr alle Arten von Industrien, in denen [&hellip;]\" \/>\n<meta property=\"og:url\" content=\"https:\/\/www.vercosrl.it\/de\/wear-parts\/\" \/>\n<meta property=\"og:site_name\" content=\"Verco S.r.l. | Benne per escavatori | Pale Caricatrici | Brescia\" \/>\n<meta property=\"article:modified_time\" content=\"2020-12-11T10:44:12+00:00\" \/>\n<meta property=\"og:image\" content=\"https:\/\/www.vercosrl.it\/content\/uploads\/2020\/07\/toolox.jpg\" \/>\n<meta name=\"twitter:card\" content=\"summary_large_image\" \/>\n<script type=\"application\/ld+json\" class=\"yoast-schema-graph\">{\"@context\":\"https:\/\/schema.org\",\"@graph\":[{\"@type\":\"WebSite\",\"@id\":\"https:\/\/www.vercosrl.it\/de\/#website\",\"url\":\"https:\/\/www.vercosrl.it\/de\/\",\"name\":\"Verco S.r.l. | Benne per escavatori | Pale Caricatrici | Brescia\",\"description\":\"Produzione Benne per Escavatori, Pale Caricatrici, Macchine Demolizione\",\"potentialAction\":[{\"@type\":\"SearchAction\",\"target\":\"https:\/\/www.vercosrl.it\/de\/?s={search_term_string}\",\"query-input\":\"required name=search_term_string\"}],\"inLanguage\":\"de-DE\"},{\"@type\":\"ImageObject\",\"@id\":\"https:\/\/www.vercosrl.it\/de\/wear-parts\/#primaryimage\",\"inLanguage\":\"de-DE\",\"url\":\"https:\/\/www.vercosrl.it\/content\/uploads\/2020\/07\/toolox.jpg\"},{\"@type\":\"WebPage\",\"@id\":\"https:\/\/www.vercosrl.it\/de\/wear-parts\/#webpage\",\"url\":\"https:\/\/www.vercosrl.it\/de\/wear-parts\/\",\"name\":\"Recycling - Verco S.r.l. | Benne per escavatori | Pale Caricatrici | Brescia\",\"isPartOf\":{\"@id\":\"https:\/\/www.vercosrl.it\/de\/#website\"},\"primaryImageOfPage\":{\"@id\":\"https:\/\/www.vercosrl.it\/de\/wear-parts\/#primaryimage\"},\"datePublished\":\"2020-07-29T07:02:49+00:00\",\"dateModified\":\"2020-12-11T10:44:12+00:00\",\"breadcrumb\":{\"@id\":\"https:\/\/www.vercosrl.it\/de\/wear-parts\/#breadcrumb\"},\"inLanguage\":\"de-DE\",\"potentialAction\":[{\"@type\":\"ReadAction\",\"target\":[\"https:\/\/www.vercosrl.it\/de\/wear-parts\/\"]}]},{\"@type\":\"BreadcrumbList\",\"@id\":\"https:\/\/www.vercosrl.it\/de\/wear-parts\/#breadcrumb\",\"itemListElement\":[{\"@type\":\"ListItem\",\"position\":1,\"item\":{\"@type\":\"WebPage\",\"@id\":\"https:\/\/www.vercosrl.it\/de\/\",\"url\":\"https:\/\/www.vercosrl.it\/de\/\",\"name\":\"Home\"}},{\"@type\":\"ListItem\",\"position\":2,\"item\":{\"@type\":\"WebPage\",\"@id\":\"https:\/\/www.vercosrl.it\/de\/wear-parts\/\",\"url\":\"https:\/\/www.vercosrl.it\/de\/wear-parts\/\",\"name\":\"Recycling\"}}]}]}<\/script>\n<!-- \/ Yoast SEO plugin. -->","_links":{"self":[{"href":"https:\/\/www.vercosrl.it\/de\/wp-json\/wp\/v2\/pages\/1006\/"}],"collection":[{"href":"https:\/\/www.vercosrl.it\/de\/wp-json\/wp\/v2\/pages\/"}],"about":[{"href":"https:\/\/www.vercosrl.it\/de\/wp-json\/wp\/v2\/types\/page\/"}],"author":[{"embeddable":true,"href":"https:\/\/www.vercosrl.it\/de\/wp-json\/wp\/v2\/users\/1\/"}],"replies":[{"embeddable":true,"href":"https:\/\/www.vercosrl.it\/de\/wp-json\/wp\/v2\/comments\/?post=1006"}],"version-history":[{"count":10,"href":"https:\/\/www.vercosrl.it\/de\/wp-json\/wp\/v2\/pages\/1006\/revisions\/"}],"predecessor-version":[{"id":2828,"href":"https:\/\/www.vercosrl.it\/de\/wp-json\/wp\/v2\/pages\/1006\/revisions\/2828\/"}],"wp:attachment":[{"href":"https:\/\/www.vercosrl.it\/de\/wp-json\/wp\/v2\/media\/?parent=1006"}],"curies":[{"name":"wp","href":"https:\/\/api.w.org\/{rel}","templated":true}]}}