{"id":1052,"date":"2018-01-25T10:01:51","date_gmt":"2018-01-25T09:01:51","guid":{"rendered":"http:\/\/www.vercosrl.it\/azienda\/"},"modified":"2021-07-22T09:24:00","modified_gmt":"2021-07-22T07:24:00","slug":"ueber-uns-verco","status":"publish","type":"page","link":"https:\/\/www.vercosrl.it\/de\/ueber-uns-verco\/","title":{"rendered":"\u00dcber uns"},"content":{"rendered":"<h1>\u00dcber uns<\/h1>\n<p><strong>VERCO S.r.l. ist ein italienisches Produktionsunternehmen, das Baggerl\u00f6ffel, Ladeschaufeln, Ausr\u00fcstungen und Ersatzteile im Bereich Erdbewegung, Abbruch und Recycling herstellt.<\/strong><\/p>\n<p><strong>Gegr\u00fcndet im Jahr 1985 dank der Leidenschaft und Erfahrung seiner Mitglieder, kombiniert unser Unternehmen am besten eine hervorragende Produktion und die Verwendung eines der besten verschlei\u00dffesten St\u00e4hle auf dem Markt: Hardox\u00ae.<\/strong><\/p>\n<p><strong>Wir haben uns auf zwei Dinge konzentriert: die absolute Qualit\u00e4t des Stahls und die Technologie.<\/strong><\/p>\n<p>Verco ist Direktkunde des schwedischen Stahlwerks SAAB Oxel\u00f6sund, aus dem j\u00e4hrlich mehr als 1.500 Tonnen Material importiert werden. Au\u00dferdem, im Jahr 2003 wurde unser Unternehmen Mitglied des HARDOX\u00aeWEARPARTS und HARDOX IN MY BODY-Netzwerks.<\/p>\n<p>&nbsp;<\/p>\n<p>Alle Produkte werden vollst\u00e4ndig im Werk Vobarno (Bs) hergestellt, in einem der bl\u00fchendsten Industriezentren Italiens und Europas.<\/p>\n<p>&nbsp;<\/p>\n<div id=\"simple-translate\">\n<div>\n<div class=\"simple-translate-button isShow\" style=\"background-image: url('moz-extension:\/\/9a19960e-7a29-4872-9375-64c3a9b02b96\/icons\/512.png'); height: 22px; width: 22px; top: 126px; left: 21px;\"><\/div>\n<div class=\"simple-translate-panel \" style=\"width: 300px; height: 200px; top: 0px; left: 0px; font-size: 13px; background-color: #ffffff;\">\n<div class=\"simple-translate-result-wrapper\" style=\"overflow: hidden;\">\n<div class=\"simple-translate-move\" draggable=\"true\"><\/div>\n<div class=\"simple-translate-result-contents\">\n<p class=\"simple-translate-candidate\" dir=\"auto\" style=\"color: #737373;\">\n<\/div>\n<\/div>\n<\/div>\n<\/div>\n<\/div>\n","protected":false},"excerpt":{"rendered":"<p>\u00dcber uns VERCO S.r.l. ist ein italienisches Produktionsunternehmen, das Baggerl\u00f6ffel, Ladeschaufeln, Ausr\u00fcstungen und Ersatzteile im Bereich Erdbewegung, Abbruch und Recycling herstellt. Gegr\u00fcndet im Jahr 1985 dank der Leidenschaft und Erfahrung seiner Mitglieder, kombiniert [&hellip;]<\/p>\n","protected":false},"author":1,"featured_media":3010,"parent":0,"menu_order":20,"comment_status":"closed","ping_status":"closed","template":"template-azienda.php","meta":[],"yoast_head":"<!-- This site is optimized with the Yoast SEO plugin v15.1 - https:\/\/yoast.com\/wordpress\/plugins\/seo\/ -->\n<meta name=\"robots\" content=\"index, follow, max-snippet:-1, max-image-preview:large, max-video-preview:-1\" \/>\n<link rel=\"canonical\" href=\"https:\/\/www.vercosrl.it\/de\/ueber-uns-verco\/\" \/>\n<meta property=\"og:locale\" content=\"de_DE\" \/>\n<meta property=\"og:type\" content=\"article\" \/>\n<meta property=\"og:title\" content=\"\u00dcber uns - Verco S.r.l. | Benne per escavatori | Pale Caricatrici | Brescia\" \/>\n<meta property=\"og:description\" content=\"\u00dcber uns VERCO S.r.l. ist ein italienisches Produktionsunternehmen, das Baggerl\u00f6ffel, Ladeschaufeln, Ausr\u00fcstungen und Ersatzteile im Bereich Erdbewegung, Abbruch und Recycling herstellt. Gegr\u00fcndet im Jahr 1985 dank der Leidenschaft und Erfahrung seiner Mitglieder, kombiniert [&hellip;]\" \/>\n<meta property=\"og:url\" content=\"https:\/\/www.vercosrl.it\/de\/ueber-uns-verco\/\" \/>\n<meta property=\"og:site_name\" content=\"Verco S.r.l. | Benne per escavatori | Pale Caricatrici | Brescia\" \/>\n<meta property=\"article:modified_time\" content=\"2021-07-22T07:24:00+00:00\" \/>\n<meta property=\"og:image\" content=\"https:\/\/www.vercosrl.it\/content\/uploads\/2021\/04\/produzione-benne-escavatori-pale-caricatrici-vobarno-brescia.jpg\" \/>\n\t<meta property=\"og:image:width\" content=\"1980\" \/>\n\t<meta property=\"og:image:height\" content=\"1020\" \/>\n<meta name=\"twitter:card\" content=\"summary_large_image\" \/>\n<script type=\"application\/ld+json\" class=\"yoast-schema-graph\">{\"@context\":\"https:\/\/schema.org\",\"@graph\":[{\"@type\":\"WebSite\",\"@id\":\"https:\/\/www.vercosrl.it\/de\/#website\",\"url\":\"https:\/\/www.vercosrl.it\/de\/\",\"name\":\"Verco S.r.l. | Benne per escavatori | Pale Caricatrici | Brescia\",\"description\":\"Produzione Benne per Escavatori, Pale Caricatrici, Macchine Demolizione\",\"potentialAction\":[{\"@type\":\"SearchAction\",\"target\":\"https:\/\/www.vercosrl.it\/de\/?s={search_term_string}\",\"query-input\":\"required name=search_term_string\"}],\"inLanguage\":\"de-DE\"},{\"@type\":\"ImageObject\",\"@id\":\"https:\/\/www.vercosrl.it\/de\/ueber-uns-verco\/#primaryimage\",\"inLanguage\":\"de-DE\",\"url\":\"https:\/\/www.vercosrl.it\/content\/uploads\/2021\/04\/produzione-benne-escavatori-pale-caricatrici-vobarno-brescia.jpg\",\"width\":1980,\"height\":1020,\"caption\":\"produzione-benne-escavatori-pale-caricatrici-vobarno-brescia\"},{\"@type\":\"WebPage\",\"@id\":\"https:\/\/www.vercosrl.it\/de\/ueber-uns-verco\/#webpage\",\"url\":\"https:\/\/www.vercosrl.it\/de\/ueber-uns-verco\/\",\"name\":\"\\u00dcber uns - Verco S.r.l. | Benne per escavatori | Pale Caricatrici | Brescia\",\"isPartOf\":{\"@id\":\"https:\/\/www.vercosrl.it\/de\/#website\"},\"primaryImageOfPage\":{\"@id\":\"https:\/\/www.vercosrl.it\/de\/ueber-uns-verco\/#primaryimage\"},\"datePublished\":\"2018-01-25T09:01:51+00:00\",\"dateModified\":\"2021-07-22T07:24:00+00:00\",\"breadcrumb\":{\"@id\":\"https:\/\/www.vercosrl.it\/de\/ueber-uns-verco\/#breadcrumb\"},\"inLanguage\":\"de-DE\",\"potentialAction\":[{\"@type\":\"ReadAction\",\"target\":[\"https:\/\/www.vercosrl.it\/de\/ueber-uns-verco\/\"]}]},{\"@type\":\"BreadcrumbList\",\"@id\":\"https:\/\/www.vercosrl.it\/de\/ueber-uns-verco\/#breadcrumb\",\"itemListElement\":[{\"@type\":\"ListItem\",\"position\":1,\"item\":{\"@type\":\"WebPage\",\"@id\":\"https:\/\/www.vercosrl.it\/de\/\",\"url\":\"https:\/\/www.vercosrl.it\/de\/\",\"name\":\"Home\"}},{\"@type\":\"ListItem\",\"position\":2,\"item\":{\"@type\":\"WebPage\",\"@id\":\"https:\/\/www.vercosrl.it\/de\/ueber-uns-verco\/\",\"url\":\"https:\/\/www.vercosrl.it\/de\/ueber-uns-verco\/\",\"name\":\"\\u00dcber uns\"}}]}]}<\/script>\n<!-- \/ Yoast SEO plugin. -->","_links":{"self":[{"href":"https:\/\/www.vercosrl.it\/de\/wp-json\/wp\/v2\/pages\/1052\/"}],"collection":[{"href":"https:\/\/www.vercosrl.it\/de\/wp-json\/wp\/v2\/pages\/"}],"about":[{"href":"https:\/\/www.vercosrl.it\/de\/wp-json\/wp\/v2\/types\/page\/"}],"author":[{"embeddable":true,"href":"https:\/\/www.vercosrl.it\/de\/wp-json\/wp\/v2\/users\/1\/"}],"replies":[{"embeddable":true,"href":"https:\/\/www.vercosrl.it\/de\/wp-json\/wp\/v2\/comments\/?post=1052"}],"version-history":[{"count":6,"href":"https:\/\/www.vercosrl.it\/de\/wp-json\/wp\/v2\/pages\/1052\/revisions\/"}],"predecessor-version":[{"id":3081,"href":"https:\/\/www.vercosrl.it\/de\/wp-json\/wp\/v2\/pages\/1052\/revisions\/3081\/"}],"wp:featuredmedia":[{"embeddable":true,"href":"https:\/\/www.vercosrl.it\/de\/wp-json\/wp\/v2\/media\/3010\/"}],"wp:attachment":[{"href":"https:\/\/www.vercosrl.it\/de\/wp-json\/wp\/v2\/media\/?parent=1052"}],"curies":[{"name":"wp","href":"https:\/\/api.w.org\/{rel}","templated":true}]}}