{"id":1030,"date":"2018-01-25T10:02:02","date_gmt":"2018-01-25T09:02:02","guid":{"rendered":"http:\/\/www.vercosrl.it\/lavorazioni-meccaniche\/"},"modified":"2020-08-18T09:12:45","modified_gmt":"2020-08-18T07:12:45","slug":"prestations-de-service-fabricacion","status":"publish","type":"page","link":"https:\/\/www.vercosrl.it\/es\/prestations-de-service-fabricacion\/","title":{"rendered":"Prestations de service"},"content":{"rendered":"<h1>Fabricaci\u00f2n<\/h1>\n<p>Cada fase de ejecuci\u00f2n, desde el proyecto hasta el control final, est\u00e0 realizada enteramente de nuestros equipo, disfrutando las ultima tecnolog\u00ecas existentes tanto de los software de dise\u00f1o, como en el controlar echo por las maquinarias. El encargo esta supervisado de un sistema de gestion especifico que permite de averiguar el estado actual y sigue el percurso del material, desde la puesta de corte hasta la entrega.<\/p>\n","protected":false},"excerpt":{"rendered":"<p>Fabricaci\u00f2n Cada fase de ejecuci\u00f2n, desde el proyecto hasta el control final, est\u00e0 realizada enteramente de nuestros equipo, disfrutando las ultima tecnolog\u00ecas existentes tanto de los software de dise\u00f1o, como en el controlar [&hellip;]<\/p>\n","protected":false},"author":1,"featured_media":1284,"parent":0,"menu_order":30,"comment_status":"closed","ping_status":"closed","template":"template-lavorazioni.php","meta":[],"yoast_head":"<!-- This site is optimized with the Yoast SEO plugin v15.1 - https:\/\/yoast.com\/wordpress\/plugins\/seo\/ -->\n<meta name=\"robots\" content=\"index, follow, max-snippet:-1, max-image-preview:large, max-video-preview:-1\" \/>\n<link rel=\"canonical\" href=\"https:\/\/www.vercosrl.it\/es\/prestations-de-service-fabricacion\/\" \/>\n<meta property=\"og:locale\" content=\"es_ES\" \/>\n<meta property=\"og:type\" content=\"article\" \/>\n<meta property=\"og:title\" content=\"Prestations de service - Verco S.r.l. | Benne per escavatori | Pale Caricatrici | Brescia\" \/>\n<meta property=\"og:description\" content=\"Fabricaci\u00f2n Cada fase de ejecuci\u00f2n, desde el proyecto hasta el control final, est\u00e0 realizada enteramente de nuestros equipo, disfrutando las ultima tecnolog\u00ecas existentes tanto de los software de dise\u00f1o, como en el controlar [&hellip;]\" \/>\n<meta property=\"og:url\" content=\"https:\/\/www.vercosrl.it\/es\/prestations-de-service-fabricacion\/\" \/>\n<meta property=\"og:site_name\" content=\"Verco S.r.l. | Benne per escavatori | Pale Caricatrici | Brescia\" \/>\n<meta property=\"article:modified_time\" content=\"2020-08-18T07:12:45+00:00\" \/>\n<meta property=\"og:image\" content=\"https:\/\/www.vercosrl.it\/content\/uploads\/2020\/08\/lavorazioni-meccaniche-benne-acciaio.jpg\" \/>\n\t<meta property=\"og:image:width\" content=\"1980\" \/>\n\t<meta property=\"og:image:height\" content=\"1020\" \/>\n<meta name=\"twitter:card\" content=\"summary_large_image\" \/>\n<script type=\"application\/ld+json\" class=\"yoast-schema-graph\">{\"@context\":\"https:\/\/schema.org\",\"@graph\":[{\"@type\":\"WebSite\",\"@id\":\"https:\/\/www.vercosrl.it\/es\/#website\",\"url\":\"https:\/\/www.vercosrl.it\/es\/\",\"name\":\"Verco S.r.l. | Benne per escavatori | Pale Caricatrici | Brescia\",\"description\":\"Produzione Benne per Escavatori, Pale Caricatrici, Macchine Demolizione\",\"potentialAction\":[{\"@type\":\"SearchAction\",\"target\":\"https:\/\/www.vercosrl.it\/es\/?s={search_term_string}\",\"query-input\":\"required name=search_term_string\"}],\"inLanguage\":\"es\"},{\"@type\":\"ImageObject\",\"@id\":\"https:\/\/www.vercosrl.it\/es\/prestations-de-service-fabricacion\/#primaryimage\",\"inLanguage\":\"es\",\"url\":\"https:\/\/www.vercosrl.it\/content\/uploads\/2020\/08\/lavorazioni-meccaniche-benne-acciaio.jpg\",\"width\":1980,\"height\":1020,\"caption\":\"Lavorazioni piegatura acciaio per realizzazione benne movimento terra e roccia\"},{\"@type\":\"WebPage\",\"@id\":\"https:\/\/www.vercosrl.it\/es\/prestations-de-service-fabricacion\/#webpage\",\"url\":\"https:\/\/www.vercosrl.it\/es\/prestations-de-service-fabricacion\/\",\"name\":\"Prestations de service - Verco S.r.l. | Benne per escavatori | Pale Caricatrici | Brescia\",\"isPartOf\":{\"@id\":\"https:\/\/www.vercosrl.it\/es\/#website\"},\"primaryImageOfPage\":{\"@id\":\"https:\/\/www.vercosrl.it\/es\/prestations-de-service-fabricacion\/#primaryimage\"},\"datePublished\":\"2018-01-25T09:02:02+00:00\",\"dateModified\":\"2020-08-18T07:12:45+00:00\",\"breadcrumb\":{\"@id\":\"https:\/\/www.vercosrl.it\/es\/prestations-de-service-fabricacion\/#breadcrumb\"},\"inLanguage\":\"es\",\"potentialAction\":[{\"@type\":\"ReadAction\",\"target\":[\"https:\/\/www.vercosrl.it\/es\/prestations-de-service-fabricacion\/\"]}]},{\"@type\":\"BreadcrumbList\",\"@id\":\"https:\/\/www.vercosrl.it\/es\/prestations-de-service-fabricacion\/#breadcrumb\",\"itemListElement\":[{\"@type\":\"ListItem\",\"position\":1,\"item\":{\"@type\":\"WebPage\",\"@id\":\"https:\/\/www.vercosrl.it\/es\/\",\"url\":\"https:\/\/www.vercosrl.it\/es\/\",\"name\":\"Home\"}},{\"@type\":\"ListItem\",\"position\":2,\"item\":{\"@type\":\"WebPage\",\"@id\":\"https:\/\/www.vercosrl.it\/es\/prestations-de-service-fabricacion\/\",\"url\":\"https:\/\/www.vercosrl.it\/es\/prestations-de-service-fabricacion\/\",\"name\":\"Prestations de service\"}}]}]}<\/script>\n<!-- \/ Yoast SEO plugin. -->","_links":{"self":[{"href":"https:\/\/www.vercosrl.it\/es\/wp-json\/wp\/v2\/pages\/1030\/"}],"collection":[{"href":"https:\/\/www.vercosrl.it\/es\/wp-json\/wp\/v2\/pages\/"}],"about":[{"href":"https:\/\/www.vercosrl.it\/es\/wp-json\/wp\/v2\/types\/page\/"}],"author":[{"embeddable":true,"href":"https:\/\/www.vercosrl.it\/es\/wp-json\/wp\/v2\/users\/1\/"}],"replies":[{"embeddable":true,"href":"https:\/\/www.vercosrl.it\/es\/wp-json\/wp\/v2\/comments\/?post=1030"}],"version-history":[{"count":5,"href":"https:\/\/www.vercosrl.it\/es\/wp-json\/wp\/v2\/pages\/1030\/revisions\/"}],"predecessor-version":[{"id":1263,"href":"https:\/\/www.vercosrl.it\/es\/wp-json\/wp\/v2\/pages\/1030\/revisions\/1263\/"}],"wp:featuredmedia":[{"embeddable":true,"href":"https:\/\/www.vercosrl.it\/es\/wp-json\/wp\/v2\/media\/1284\/"}],"wp:attachment":[{"href":"https:\/\/www.vercosrl.it\/es\/wp-json\/wp\/v2\/media\/?parent=1030"}],"curies":[{"name":"wp","href":"https:\/\/api.w.org\/{rel}","templated":true}]}}