{"id":1039,"date":"2018-01-25T10:01:51","date_gmt":"2018-01-25T09:01:51","guid":{"rendered":"http:\/\/www.vercosrl.it\/azienda\/"},"modified":"2021-09-06T11:07:27","modified_gmt":"2021-09-06T09:07:27","slug":"quien-somos-verco","status":"publish","type":"page","link":"https:\/\/www.vercosrl.it\/es\/quien-somos-verco\/","title":{"rendered":"Quien somos"},"content":{"rendered":"<h1>Quien somos<\/h1>\n<p><strong>Verco srl es una empresa manufacturera italiana que construye cazos para excavadoras, cargadoras sobre ruedas, equipamiento y repuestos para los sectores de: movimentacion de la tierra, demolici\u00f2n y reciclaje.<\/strong><\/p>\n<p><strong>Ha sido fundada en el 1985 por la pasion y la experiencia de los miembros y desde entonces, la empresa une la excelencia de producci\u00f2n y el empleo de uno de los mejores aceros en el mercado: el Hardox\u00ae.<\/strong><\/p>\n<p><strong>Hemos elejido de centrarnos en dos cosas: la maxima calidad del acero y la tecnolog\u00eca.<\/strong><\/p>\n<p>Verco es cliente directo de la aceria SSAB en Oxel\u00f6sund de donde importa mas de 1.500 toneladas de material cada a\u00f1o, adem\u00e0s en el a\u00f1o 2003 se converti\u00f2 en miembro de la red HARDOX\u00ae WEARPARTS y HARDOX\u00ae IN MY BODY.<\/p>\n<p>Todos los productos son relizados en el almacen de Vobarno (BS), uno de los centros industrializados mas prospero de Italia y Europa.<\/p>\n<p>&nbsp;<\/p>\n<div id=\"simple-translate\">\n<div>\n<div class=\"simple-translate-button isShow\" style=\"background-image: url('moz-extension:\/\/9a19960e-7a29-4872-9375-64c3a9b02b96\/icons\/512.png'); height: 22px; width: 22px; top: 227px; left: 1040px;\"><\/div>\n<div class=\"simple-translate-panel \" style=\"width: 300px; height: 200px; top: 0px; left: 0px; font-size: 13px; background-color: #ffffff;\">\n<div class=\"simple-translate-result-wrapper\" style=\"overflow: hidden;\">\n<div class=\"simple-translate-move\" draggable=\"true\"><\/div>\n<div class=\"simple-translate-result-contents\">\n<p class=\"simple-translate-result\" dir=\"auto\" style=\"color: #000000;\">\n<p class=\"simple-translate-candidate\" dir=\"auto\" style=\"color: #737373;\">\n<\/div>\n<\/div>\n<\/div>\n<\/div>\n<\/div>\n","protected":false},"excerpt":{"rendered":"<p>Quien somos Verco srl es una empresa manufacturera italiana que construye cazos para excavadoras, cargadoras sobre ruedas, equipamiento y repuestos para los sectores de: movimentacion de la tierra, demolici\u00f2n y reciclaje. Ha sido [&hellip;]<\/p>\n","protected":false},"author":1,"featured_media":3011,"parent":0,"menu_order":20,"comment_status":"closed","ping_status":"closed","template":"template-azienda.php","meta":[],"yoast_head":"<!-- This site is optimized with the Yoast SEO plugin v15.1 - https:\/\/yoast.com\/wordpress\/plugins\/seo\/ -->\n<meta name=\"robots\" content=\"index, follow, max-snippet:-1, max-image-preview:large, max-video-preview:-1\" \/>\n<link rel=\"canonical\" href=\"https:\/\/www.vercosrl.it\/es\/quien-somos-verco\/\" \/>\n<meta property=\"og:locale\" content=\"es_ES\" \/>\n<meta property=\"og:type\" content=\"article\" \/>\n<meta property=\"og:title\" content=\"Quien somos - Verco S.r.l. | Benne per escavatori | Pale Caricatrici | Brescia\" \/>\n<meta property=\"og:description\" content=\"Quien somos Verco srl es una empresa manufacturera italiana que construye cazos para excavadoras, cargadoras sobre ruedas, equipamiento y repuestos para los sectores de: movimentacion de la tierra, demolici\u00f2n y reciclaje. Ha sido [&hellip;]\" \/>\n<meta property=\"og:url\" content=\"https:\/\/www.vercosrl.it\/es\/quien-somos-verco\/\" \/>\n<meta property=\"og:site_name\" content=\"Verco S.r.l. | Benne per escavatori | Pale Caricatrici | Brescia\" \/>\n<meta property=\"article:modified_time\" content=\"2021-09-06T09:07:27+00:00\" \/>\n<meta property=\"og:image\" content=\"https:\/\/www.vercosrl.it\/content\/uploads\/2021\/04\/produzione-benne-escavatori-pale-caricatrici-vobarno-brescia.jpg\" \/>\n\t<meta property=\"og:image:width\" content=\"1980\" \/>\n\t<meta property=\"og:image:height\" content=\"1020\" \/>\n<meta name=\"twitter:card\" content=\"summary_large_image\" \/>\n<script type=\"application\/ld+json\" class=\"yoast-schema-graph\">{\"@context\":\"https:\/\/schema.org\",\"@graph\":[{\"@type\":\"WebSite\",\"@id\":\"https:\/\/www.vercosrl.it\/es\/#website\",\"url\":\"https:\/\/www.vercosrl.it\/es\/\",\"name\":\"Verco S.r.l. | Benne per escavatori | Pale Caricatrici | Brescia\",\"description\":\"Produzione Benne per Escavatori, Pale Caricatrici, Macchine Demolizione\",\"potentialAction\":[{\"@type\":\"SearchAction\",\"target\":\"https:\/\/www.vercosrl.it\/es\/?s={search_term_string}\",\"query-input\":\"required name=search_term_string\"}],\"inLanguage\":\"es\"},{\"@type\":\"ImageObject\",\"@id\":\"https:\/\/www.vercosrl.it\/es\/quien-somos-verco\/#primaryimage\",\"inLanguage\":\"es\",\"url\":\"https:\/\/www.vercosrl.it\/content\/uploads\/2021\/04\/produzione-benne-escavatori-pale-caricatrici-vobarno-brescia.jpg\",\"width\":1980,\"height\":1020,\"caption\":\"produzione-benne-escavatori-pale-caricatrici-vobarno-brescia\"},{\"@type\":\"WebPage\",\"@id\":\"https:\/\/www.vercosrl.it\/es\/quien-somos-verco\/#webpage\",\"url\":\"https:\/\/www.vercosrl.it\/es\/quien-somos-verco\/\",\"name\":\"Quien somos - Verco S.r.l. | Benne per escavatori | Pale Caricatrici | Brescia\",\"isPartOf\":{\"@id\":\"https:\/\/www.vercosrl.it\/es\/#website\"},\"primaryImageOfPage\":{\"@id\":\"https:\/\/www.vercosrl.it\/es\/quien-somos-verco\/#primaryimage\"},\"datePublished\":\"2018-01-25T09:01:51+00:00\",\"dateModified\":\"2021-09-06T09:07:27+00:00\",\"breadcrumb\":{\"@id\":\"https:\/\/www.vercosrl.it\/es\/quien-somos-verco\/#breadcrumb\"},\"inLanguage\":\"es\",\"potentialAction\":[{\"@type\":\"ReadAction\",\"target\":[\"https:\/\/www.vercosrl.it\/es\/quien-somos-verco\/\"]}]},{\"@type\":\"BreadcrumbList\",\"@id\":\"https:\/\/www.vercosrl.it\/es\/quien-somos-verco\/#breadcrumb\",\"itemListElement\":[{\"@type\":\"ListItem\",\"position\":1,\"item\":{\"@type\":\"WebPage\",\"@id\":\"https:\/\/www.vercosrl.it\/es\/\",\"url\":\"https:\/\/www.vercosrl.it\/es\/\",\"name\":\"Home\"}},{\"@type\":\"ListItem\",\"position\":2,\"item\":{\"@type\":\"WebPage\",\"@id\":\"https:\/\/www.vercosrl.it\/es\/quien-somos-verco\/\",\"url\":\"https:\/\/www.vercosrl.it\/es\/quien-somos-verco\/\",\"name\":\"Quien somos\"}}]}]}<\/script>\n<!-- \/ Yoast SEO plugin. -->","_links":{"self":[{"href":"https:\/\/www.vercosrl.it\/es\/wp-json\/wp\/v2\/pages\/1039\/"}],"collection":[{"href":"https:\/\/www.vercosrl.it\/es\/wp-json\/wp\/v2\/pages\/"}],"about":[{"href":"https:\/\/www.vercosrl.it\/es\/wp-json\/wp\/v2\/types\/page\/"}],"author":[{"embeddable":true,"href":"https:\/\/www.vercosrl.it\/es\/wp-json\/wp\/v2\/users\/1\/"}],"replies":[{"embeddable":true,"href":"https:\/\/www.vercosrl.it\/es\/wp-json\/wp\/v2\/comments\/?post=1039"}],"version-history":[{"count":4,"href":"https:\/\/www.vercosrl.it\/es\/wp-json\/wp\/v2\/pages\/1039\/revisions\/"}],"predecessor-version":[{"id":3086,"href":"https:\/\/www.vercosrl.it\/es\/wp-json\/wp\/v2\/pages\/1039\/revisions\/3086\/"}],"wp:featuredmedia":[{"embeddable":true,"href":"https:\/\/www.vercosrl.it\/es\/wp-json\/wp\/v2\/media\/3011\/"}],"wp:attachment":[{"href":"https:\/\/www.vercosrl.it\/es\/wp-json\/wp\/v2\/media\/?parent=1039"}],"curies":[{"name":"wp","href":"https:\/\/api.w.org\/{rel}","templated":true}]}}