{"id":992,"date":"2020-07-29T10:30:53","date_gmt":"2020-07-29T08:30:53","guid":{"rendered":"http:\/\/www.vercosrl.it\/mission-vision\/"},"modified":"2020-09-02T11:52:51","modified_gmt":"2020-09-02T09:52:51","slug":"mission-vision","status":"publish","type":"page","link":"https:\/\/www.vercosrl.it\/es\/mission-vision\/","title":{"rendered":"Mission &#038; Vision"},"content":{"rendered":"<p>&nbsp;<\/p>\n<p><strong>Mission<\/strong><\/p>\n<div class=\"page\" title=\"Page 1\">\n<div class=\"layoutArea\">\n<div class=\"column\">\n<div class=\"page\" title=\"Page 2\">\n<div class=\"layoutArea\">\n<div class=\"column\">\n<p>El objetivo primario que nuestra empresa quiere perseguir es la completa y garantizada satisfaci\u00f2n de las necesidades laborales del cliente, en relacci\u00f2n a las maquinarias por el movimiento de tierra, la trituraci\u00f2n y el reciclaje de las materias primas, con la finalidad de competir a los niveles maximos sea en el mercado nacional, y en lo extranjero.<\/p>\n<\/div>\n<\/div>\n<\/div>\n<p><strong>Vision<\/strong><\/p>\n<div class=\"page\" title=\"Page 1\">\n<div class=\"layoutArea\">\n<div class=\"column\">\n<div class=\"page\" title=\"Page 2\">\n<div class=\"layoutArea\">\n<div class=\"column\">\n<p>Devenir una respuesta completa y eficiente a todas las pregunta en materia de desgaste de los materiales que diariamente nos vienen formulado, en manera de ofrecer y combinar un producto de primera calidad a segunda de las exigenc\u00eca del cliente.<\/p>\n<\/div>\n<\/div>\n<\/div>\n<\/div>\n<\/div>\n<\/div>\n<\/div>\n<\/div>\n<\/div>\n","protected":false},"excerpt":{"rendered":"<p>&nbsp; Mission El objetivo primario que nuestra empresa quiere perseguir es la completa y garantizada satisfaci\u00f2n de las necesidades laborales del cliente, en relacci\u00f2n a las maquinarias por el movimiento de tierra, la [&hellip;]<\/p>\n","protected":false},"author":1,"featured_media":0,"parent":0,"menu_order":21,"comment_status":"closed","ping_status":"closed","template":"","meta":[],"yoast_head":"<!-- This site is optimized with the Yoast SEO plugin v15.1 - https:\/\/yoast.com\/wordpress\/plugins\/seo\/ -->\n<meta name=\"robots\" content=\"index, follow, max-snippet:-1, max-image-preview:large, max-video-preview:-1\" \/>\n<link rel=\"canonical\" href=\"https:\/\/www.vercosrl.it\/es\/mission-vision\/\" \/>\n<meta property=\"og:locale\" content=\"es_ES\" \/>\n<meta property=\"og:type\" content=\"article\" \/>\n<meta property=\"og:title\" content=\"Mission &amp; Vision - Verco S.r.l. | Benne per escavatori | Pale Caricatrici | Brescia\" \/>\n<meta property=\"og:description\" content=\"&nbsp; Mission El objetivo primario que nuestra empresa quiere perseguir es la completa y garantizada satisfaci\u00f2n de las necesidades laborales del cliente, en relacci\u00f2n a las maquinarias por el movimiento de tierra, la [&hellip;]\" \/>\n<meta property=\"og:url\" content=\"https:\/\/www.vercosrl.it\/es\/mission-vision\/\" \/>\n<meta property=\"og:site_name\" content=\"Verco S.r.l. | Benne per escavatori | Pale Caricatrici | Brescia\" \/>\n<meta property=\"article:modified_time\" content=\"2020-09-02T09:52:51+00:00\" \/>\n<meta name=\"twitter:card\" content=\"summary_large_image\" \/>\n<script type=\"application\/ld+json\" class=\"yoast-schema-graph\">{\"@context\":\"https:\/\/schema.org\",\"@graph\":[{\"@type\":\"WebSite\",\"@id\":\"https:\/\/www.vercosrl.it\/es\/#website\",\"url\":\"https:\/\/www.vercosrl.it\/es\/\",\"name\":\"Verco S.r.l. | Benne per escavatori | Pale Caricatrici | Brescia\",\"description\":\"Produzione Benne per Escavatori, Pale Caricatrici, Macchine Demolizione\",\"potentialAction\":[{\"@type\":\"SearchAction\",\"target\":\"https:\/\/www.vercosrl.it\/es\/?s={search_term_string}\",\"query-input\":\"required name=search_term_string\"}],\"inLanguage\":\"es\"},{\"@type\":\"WebPage\",\"@id\":\"https:\/\/www.vercosrl.it\/es\/mission-vision\/#webpage\",\"url\":\"https:\/\/www.vercosrl.it\/es\/mission-vision\/\",\"name\":\"Mission & Vision - Verco S.r.l. | Benne per escavatori | Pale Caricatrici | Brescia\",\"isPartOf\":{\"@id\":\"https:\/\/www.vercosrl.it\/es\/#website\"},\"datePublished\":\"2020-07-29T08:30:53+00:00\",\"dateModified\":\"2020-09-02T09:52:51+00:00\",\"breadcrumb\":{\"@id\":\"https:\/\/www.vercosrl.it\/es\/mission-vision\/#breadcrumb\"},\"inLanguage\":\"es\",\"potentialAction\":[{\"@type\":\"ReadAction\",\"target\":[\"https:\/\/www.vercosrl.it\/es\/mission-vision\/\"]}]},{\"@type\":\"BreadcrumbList\",\"@id\":\"https:\/\/www.vercosrl.it\/es\/mission-vision\/#breadcrumb\",\"itemListElement\":[{\"@type\":\"ListItem\",\"position\":1,\"item\":{\"@type\":\"WebPage\",\"@id\":\"https:\/\/www.vercosrl.it\/es\/\",\"url\":\"https:\/\/www.vercosrl.it\/es\/\",\"name\":\"Home\"}},{\"@type\":\"ListItem\",\"position\":2,\"item\":{\"@type\":\"WebPage\",\"@id\":\"https:\/\/www.vercosrl.it\/es\/mission-vision\/\",\"url\":\"https:\/\/www.vercosrl.it\/es\/mission-vision\/\",\"name\":\"Mission &#038; Vision\"}}]}]}<\/script>\n<!-- \/ Yoast SEO plugin. -->","_links":{"self":[{"href":"https:\/\/www.vercosrl.it\/es\/wp-json\/wp\/v2\/pages\/992\/"}],"collection":[{"href":"https:\/\/www.vercosrl.it\/es\/wp-json\/wp\/v2\/pages\/"}],"about":[{"href":"https:\/\/www.vercosrl.it\/es\/wp-json\/wp\/v2\/types\/page\/"}],"author":[{"embeddable":true,"href":"https:\/\/www.vercosrl.it\/es\/wp-json\/wp\/v2\/users\/1\/"}],"replies":[{"embeddable":true,"href":"https:\/\/www.vercosrl.it\/es\/wp-json\/wp\/v2\/comments\/?post=992"}],"version-history":[{"count":3,"href":"https:\/\/www.vercosrl.it\/es\/wp-json\/wp\/v2\/pages\/992\/revisions\/"}],"predecessor-version":[{"id":1766,"href":"https:\/\/www.vercosrl.it\/es\/wp-json\/wp\/v2\/pages\/992\/revisions\/1766\/"}],"wp:attachment":[{"href":"https:\/\/www.vercosrl.it\/es\/wp-json\/wp\/v2\/media\/?parent=992"}],"curies":[{"name":"wp","href":"https:\/\/api.w.org\/{rel}","templated":true}]}}