{"id":1005,"date":"2020-07-29T09:02:49","date_gmt":"2020-07-29T07:02:49","guid":{"rendered":"http:\/\/www.vercosrl.it\/wear-parts\/"},"modified":"2020-12-11T11:49:57","modified_gmt":"2020-12-11T10:49:57","slug":"wear-parts","status":"publish","type":"page","link":"https:\/\/www.vercosrl.it\/fr\/wear-parts\/","title":{"rendered":"Recycling"},"content":{"rendered":"<div class=\"page\" title=\"Page 5\">\n<div class=\"layoutArea\">\n<div class=\"column\">\n<p>Parall\u00e8lement \u00e0 la production primaire, Verco srl est en mesure d&rsquo;offrir des solutions et une gamme de pi\u00e8ce de rechange tels que: pi\u00e8ces d\u00e9tach\u00e9es, divers types de charpente sv plan, parts usure sur mesure et toles usin\u00e9es \u00e0 machine fraisage, pour tous les secteurs industriels li\u00e9s \u00e0 l&rsquo;usure des mat\u00e9riaux.\u00a0 \u00a0 \u00a0 \u00a0 \u00a0 \u00a0 \u00a0 \u00a0 \u00a0 \u00a0 \u00a0 \u00a0 \u00a0 \u00a0 \u00a0 \u00a0 \u00a0 \u00a0 \u00a0 \u00a0 \u00a0 \u00a0 \u00a0 \u00a0 \u00a0 \u00a0 \u00a0 \u00a0 \u00a0 \u00a0 \u00a0 \u00a0 \u00a0 \u00a0 \u00a0 \u00a0 \u00a0 \u00a0 \u00a0 \u00a0 \u00a0 \u00a0 \u00a0 \u00a0 \u00a0 \u00a0 \u00a0 \u00a0 \u00a0 \u00a0 \u00a0 \u00a0 \u00a0 \u00a0 \u00a0 \u00a0 \u00a0 \u00a0 \u00a0 \u00a0 \u00a0 \u00a0 \u00a0 \u00a0 \u00a0 \u00a0 \u00a0 \u00a0 \u00a0 \u00a0 \u00a0 \u00a0 \u00a0 \u00a0 \u00a0 \u00a0 \u00a0 \u00a0 \u00a0 \u00a0 \u00a0 \u00a0 \u00a0 \u00a0 \u00a0 \u00a0 \u00a0 \u00a0 \u00a0 \u00a0 \u00a0 \u00a0 \u00a0 \u00a0 \u00a0 \u00a0 \u00a0 \u00a0 \u00a0 \u00a0 \u00a0 \u00a0 \u00a0 \u00a0 \u00a0 \u00a0 \u00a0 \u00a0 \u00a0 \u00a0 \u00a0 \u00a0 \u00a0 \u00a0 \u00a0 \u00a0 \u00a0 \u00a0 \u00a0 \u00a0 \u00a0 \u00a0 \u00a0 \u00a0 \u00a0 \u00a0 \u00a0 \u00a0 \u00a0 \u00a0 \u00a0 \u00a0 \u00a0 \u00a0 \u00a0<img loading=\"lazy\" class=\"alignnone size-full wp-image-570\" src=\"https:\/\/www.vercosrl.it\/content\/uploads\/2020\/07\/hardox.jpg\" alt=\"\" width=\"152\" height=\"50\" \/> <img loading=\"lazy\" class=\"alignnone size-full wp-image-562\" src=\"https:\/\/www.vercosrl.it\/content\/uploads\/2020\/07\/toolox.jpg\" alt=\"\" width=\"161\" height=\"50\" \/><\/p>\n<p>Nous avons choisi de les diviser dans quatre cat\u00e9gories d&rsquo;appartenance:<\/p>\n<div class=\"page\" title=\"Page 5\">\n<div class=\"layoutArea\">\n<div class=\"column\">\n<p>&nbsp;<\/p>\n<\/div>\n<\/div>\n<\/div>\n<\/div>\n<\/div>\n<\/div>\n","protected":false},"excerpt":{"rendered":"<p>Parall\u00e8lement \u00e0 la production primaire, Verco srl est en mesure d&rsquo;offrir des solutions et une gamme de pi\u00e8ce de rechange tels que: pi\u00e8ces d\u00e9tach\u00e9es, divers types de charpente sv plan, parts usure sur [&hellip;]<\/p>\n","protected":false},"author":1,"featured_media":0,"parent":0,"menu_order":35,"comment_status":"closed","ping_status":"closed","template":"","meta":[],"yoast_head":"<!-- This site is optimized with the Yoast SEO plugin v15.1 - https:\/\/yoast.com\/wordpress\/plugins\/seo\/ -->\n<meta name=\"robots\" content=\"index, follow, max-snippet:-1, max-image-preview:large, max-video-preview:-1\" \/>\n<link rel=\"canonical\" href=\"https:\/\/www.vercosrl.it\/fr\/wear-parts\/\" \/>\n<meta property=\"og:locale\" content=\"fr_FR\" \/>\n<meta property=\"og:type\" content=\"article\" \/>\n<meta property=\"og:title\" content=\"Recycling - Verco S.r.l. | Benne per escavatori | Pale Caricatrici | Brescia\" \/>\n<meta property=\"og:description\" content=\"Parall\u00e8lement \u00e0 la production primaire, Verco srl est en mesure d&rsquo;offrir des solutions et une gamme de pi\u00e8ce de rechange tels que: pi\u00e8ces d\u00e9tach\u00e9es, divers types de charpente sv plan, parts usure sur [&hellip;]\" \/>\n<meta property=\"og:url\" content=\"https:\/\/www.vercosrl.it\/fr\/wear-parts\/\" \/>\n<meta property=\"og:site_name\" content=\"Verco S.r.l. | Benne per escavatori | Pale Caricatrici | Brescia\" \/>\n<meta property=\"article:modified_time\" content=\"2020-12-11T10:49:57+00:00\" \/>\n<meta property=\"og:image\" content=\"https:\/\/www.vercosrl.it\/content\/uploads\/2020\/07\/hardox.jpg\" \/>\n<meta name=\"twitter:card\" content=\"summary_large_image\" \/>\n<script type=\"application\/ld+json\" class=\"yoast-schema-graph\">{\"@context\":\"https:\/\/schema.org\",\"@graph\":[{\"@type\":\"WebSite\",\"@id\":\"https:\/\/www.vercosrl.it\/fr\/#website\",\"url\":\"https:\/\/www.vercosrl.it\/fr\/\",\"name\":\"Verco S.r.l. | Benne per escavatori | Pale Caricatrici | Brescia\",\"description\":\"Produzione Benne per Escavatori, Pale Caricatrici, Macchine Demolizione\",\"potentialAction\":[{\"@type\":\"SearchAction\",\"target\":\"https:\/\/www.vercosrl.it\/fr\/?s={search_term_string}\",\"query-input\":\"required name=search_term_string\"}],\"inLanguage\":\"fr-FR\"},{\"@type\":\"ImageObject\",\"@id\":\"https:\/\/www.vercosrl.it\/fr\/wear-parts\/#primaryimage\",\"inLanguage\":\"fr-FR\",\"url\":\"https:\/\/www.vercosrl.it\/content\/uploads\/2020\/07\/hardox.jpg\"},{\"@type\":\"WebPage\",\"@id\":\"https:\/\/www.vercosrl.it\/fr\/wear-parts\/#webpage\",\"url\":\"https:\/\/www.vercosrl.it\/fr\/wear-parts\/\",\"name\":\"Recycling - Verco S.r.l. | Benne per escavatori | Pale Caricatrici | Brescia\",\"isPartOf\":{\"@id\":\"https:\/\/www.vercosrl.it\/fr\/#website\"},\"primaryImageOfPage\":{\"@id\":\"https:\/\/www.vercosrl.it\/fr\/wear-parts\/#primaryimage\"},\"datePublished\":\"2020-07-29T07:02:49+00:00\",\"dateModified\":\"2020-12-11T10:49:57+00:00\",\"breadcrumb\":{\"@id\":\"https:\/\/www.vercosrl.it\/fr\/wear-parts\/#breadcrumb\"},\"inLanguage\":\"fr-FR\",\"potentialAction\":[{\"@type\":\"ReadAction\",\"target\":[\"https:\/\/www.vercosrl.it\/fr\/wear-parts\/\"]}]},{\"@type\":\"BreadcrumbList\",\"@id\":\"https:\/\/www.vercosrl.it\/fr\/wear-parts\/#breadcrumb\",\"itemListElement\":[{\"@type\":\"ListItem\",\"position\":1,\"item\":{\"@type\":\"WebPage\",\"@id\":\"https:\/\/www.vercosrl.it\/fr\/\",\"url\":\"https:\/\/www.vercosrl.it\/fr\/\",\"name\":\"Home\"}},{\"@type\":\"ListItem\",\"position\":2,\"item\":{\"@type\":\"WebPage\",\"@id\":\"https:\/\/www.vercosrl.it\/fr\/wear-parts\/\",\"url\":\"https:\/\/www.vercosrl.it\/fr\/wear-parts\/\",\"name\":\"Recycling\"}}]}]}<\/script>\n<!-- \/ Yoast SEO plugin. -->","_links":{"self":[{"href":"https:\/\/www.vercosrl.it\/fr\/wp-json\/wp\/v2\/pages\/1005\/"}],"collection":[{"href":"https:\/\/www.vercosrl.it\/fr\/wp-json\/wp\/v2\/pages\/"}],"about":[{"href":"https:\/\/www.vercosrl.it\/fr\/wp-json\/wp\/v2\/types\/page\/"}],"author":[{"embeddable":true,"href":"https:\/\/www.vercosrl.it\/fr\/wp-json\/wp\/v2\/users\/1\/"}],"replies":[{"embeddable":true,"href":"https:\/\/www.vercosrl.it\/fr\/wp-json\/wp\/v2\/comments\/?post=1005"}],"version-history":[{"count":15,"href":"https:\/\/www.vercosrl.it\/fr\/wp-json\/wp\/v2\/pages\/1005\/revisions\/"}],"predecessor-version":[{"id":2830,"href":"https:\/\/www.vercosrl.it\/fr\/wp-json\/wp\/v2\/pages\/1005\/revisions\/2830\/"}],"wp:attachment":[{"href":"https:\/\/www.vercosrl.it\/fr\/wp-json\/wp\/v2\/media\/?parent=1005"}],"curies":[{"name":"wp","href":"https:\/\/api.w.org\/{rel}","templated":true}]}}