{"id":1012,"date":"2018-01-25T10:01:44","date_gmt":"2018-01-25T09:01:44","guid":{"rendered":"http:\/\/www.vercosrl.it\/catalogo-prodotti\/"},"modified":"2021-05-25T08:52:30","modified_gmt":"2021-05-25T06:52:30","slug":"brochure-produits","status":"publish","type":"page","link":"https:\/\/www.vercosrl.it\/fr\/brochure-produits\/","title":{"rendered":"Des produits"},"content":{"rendered":"<h1>Godets pour<\/h1>\n<h2>conditions extr\u00eames<\/h2>\n","protected":false},"excerpt":{"rendered":"<p>Godets pour conditions extr\u00eames<\/p>\n","protected":false},"author":1,"featured_media":229,"parent":0,"menu_order":10,"comment_status":"closed","ping_status":"closed","template":"template-prodotti.php","meta":[],"yoast_head":"<!-- This site is optimized with the Yoast SEO plugin v15.1 - https:\/\/yoast.com\/wordpress\/plugins\/seo\/ -->\n<meta name=\"description\" content=\"Gamme compl\u00e8te de godets et d&#039;\u00e9quipements sp\u00e9ciaux pour pelles, chargeuses sur pneus, cisailles et concasseurs pour la d\u00e9molition et le recyclage.\" \/>\n<meta name=\"robots\" content=\"index, follow, max-snippet:-1, max-image-preview:large, max-video-preview:-1\" \/>\n<link rel=\"canonical\" href=\"https:\/\/www.vercosrl.it\/fr\/brochure-produits\/\" \/>\n<meta property=\"og:locale\" content=\"fr_FR\" \/>\n<meta property=\"og:type\" content=\"article\" \/>\n<meta property=\"og:title\" content=\"Des produits - Verco S.r.l. | Benne per escavatori | Pale Caricatrici | Brescia\" \/>\n<meta property=\"og:description\" content=\"Gamme compl\u00e8te de godets et d&#039;\u00e9quipements sp\u00e9ciaux pour pelles, chargeuses sur pneus, cisailles et concasseurs pour la d\u00e9molition et le recyclage.\" \/>\n<meta property=\"og:url\" content=\"https:\/\/www.vercosrl.it\/fr\/brochure-produits\/\" \/>\n<meta property=\"og:site_name\" content=\"Verco S.r.l. | Benne per escavatori | Pale Caricatrici | Brescia\" \/>\n<meta property=\"article:modified_time\" content=\"2021-05-25T06:52:30+00:00\" \/>\n<meta property=\"og:image\" content=\"https:\/\/www.vercosrl.it\/content\/uploads\/2018\/01\/verco-prodotti.jpg\" \/>\n\t<meta property=\"og:image:width\" content=\"1920\" \/>\n\t<meta property=\"og:image:height\" content=\"550\" \/>\n<meta name=\"twitter:card\" content=\"summary_large_image\" \/>\n<script type=\"application\/ld+json\" class=\"yoast-schema-graph\">{\"@context\":\"https:\/\/schema.org\",\"@graph\":[{\"@type\":\"WebSite\",\"@id\":\"https:\/\/www.vercosrl.it\/fr\/#website\",\"url\":\"https:\/\/www.vercosrl.it\/fr\/\",\"name\":\"Verco S.r.l. | Benne per escavatori | Pale Caricatrici | Brescia\",\"description\":\"Produzione Benne per Escavatori, Pale Caricatrici, Macchine Demolizione\",\"potentialAction\":[{\"@type\":\"SearchAction\",\"target\":\"https:\/\/www.vercosrl.it\/fr\/?s={search_term_string}\",\"query-input\":\"required name=search_term_string\"}],\"inLanguage\":\"fr-FR\"},{\"@type\":\"ImageObject\",\"@id\":\"https:\/\/www.vercosrl.it\/fr\/brochure-produits\/#primaryimage\",\"inLanguage\":\"fr-FR\",\"url\":\"https:\/\/www.vercosrl.it\/content\/uploads\/2018\/01\/verco-prodotti.jpg\",\"width\":1920,\"height\":550},{\"@type\":\"WebPage\",\"@id\":\"https:\/\/www.vercosrl.it\/fr\/brochure-produits\/#webpage\",\"url\":\"https:\/\/www.vercosrl.it\/fr\/brochure-produits\/\",\"name\":\"Des produits - Verco S.r.l. | Benne per escavatori | Pale Caricatrici | Brescia\",\"isPartOf\":{\"@id\":\"https:\/\/www.vercosrl.it\/fr\/#website\"},\"primaryImageOfPage\":{\"@id\":\"https:\/\/www.vercosrl.it\/fr\/brochure-produits\/#primaryimage\"},\"datePublished\":\"2018-01-25T09:01:44+00:00\",\"dateModified\":\"2021-05-25T06:52:30+00:00\",\"description\":\"Gamme compl\\u00e8te de godets et d'\\u00e9quipements sp\\u00e9ciaux pour pelles, chargeuses sur pneus, cisailles et concasseurs pour la d\\u00e9molition et le recyclage.\",\"breadcrumb\":{\"@id\":\"https:\/\/www.vercosrl.it\/fr\/brochure-produits\/#breadcrumb\"},\"inLanguage\":\"fr-FR\",\"potentialAction\":[{\"@type\":\"ReadAction\",\"target\":[\"https:\/\/www.vercosrl.it\/fr\/brochure-produits\/\"]}]},{\"@type\":\"BreadcrumbList\",\"@id\":\"https:\/\/www.vercosrl.it\/fr\/brochure-produits\/#breadcrumb\",\"itemListElement\":[{\"@type\":\"ListItem\",\"position\":1,\"item\":{\"@type\":\"WebPage\",\"@id\":\"https:\/\/www.vercosrl.it\/fr\/\",\"url\":\"https:\/\/www.vercosrl.it\/fr\/\",\"name\":\"Home\"}},{\"@type\":\"ListItem\",\"position\":2,\"item\":{\"@type\":\"WebPage\",\"@id\":\"https:\/\/www.vercosrl.it\/fr\/brochure-produits\/\",\"url\":\"https:\/\/www.vercosrl.it\/fr\/brochure-produits\/\",\"name\":\"Des produits\"}}]}]}<\/script>\n<!-- \/ Yoast SEO plugin. -->","_links":{"self":[{"href":"https:\/\/www.vercosrl.it\/fr\/wp-json\/wp\/v2\/pages\/1012\/"}],"collection":[{"href":"https:\/\/www.vercosrl.it\/fr\/wp-json\/wp\/v2\/pages\/"}],"about":[{"href":"https:\/\/www.vercosrl.it\/fr\/wp-json\/wp\/v2\/types\/page\/"}],"author":[{"embeddable":true,"href":"https:\/\/www.vercosrl.it\/fr\/wp-json\/wp\/v2\/users\/1\/"}],"replies":[{"embeddable":true,"href":"https:\/\/www.vercosrl.it\/fr\/wp-json\/wp\/v2\/comments\/?post=1012"}],"version-history":[{"count":3,"href":"https:\/\/www.vercosrl.it\/fr\/wp-json\/wp\/v2\/pages\/1012\/revisions\/"}],"predecessor-version":[{"id":3066,"href":"https:\/\/www.vercosrl.it\/fr\/wp-json\/wp\/v2\/pages\/1012\/revisions\/3066\/"}],"wp:featuredmedia":[{"embeddable":true,"href":"https:\/\/www.vercosrl.it\/fr\/wp-json\/wp\/v2\/media\/229\/"}],"wp:attachment":[{"href":"https:\/\/www.vercosrl.it\/fr\/wp-json\/wp\/v2\/media\/?parent=1012"}],"curies":[{"name":"wp","href":"https:\/\/api.w.org\/{rel}","templated":true}]}}