{"id":2725,"date":"2020-11-27T08:55:12","date_gmt":"2020-11-27T07:55:12","guid":{"rendered":"https:\/\/www.vercosrl.it\/?page_id=2725"},"modified":"2021-05-25T08:43:40","modified_gmt":"2021-05-25T06:43:40","slug":"equipment-usage","status":"publish","type":"page","link":"https:\/\/www.vercosrl.it\/fr\/equipment-usage\/","title":{"rendered":"STOCKE\/USAGE"},"content":{"rendered":"","protected":false},"excerpt":{"rendered":"","protected":false},"author":3,"featured_media":0,"parent":0,"menu_order":0,"comment_status":"closed","ping_status":"closed","template":"","meta":[],"yoast_head":"<!-- This site is optimized with the Yoast SEO plugin v15.1 - https:\/\/yoast.com\/wordpress\/plugins\/seo\/ -->\n<meta name=\"description\" content=\"Equipment us\u00e9s: machines revision\u00e9s dans notre ateliers, control\u00e9s , remis en \u00e9tat et pr\u00eates \u00e0 demarr\u00e9r\" \/>\n<meta name=\"robots\" content=\"index, follow, max-snippet:-1, max-image-preview:large, max-video-preview:-1\" \/>\n<link rel=\"canonical\" href=\"https:\/\/www.vercosrl.it\/fr\/equipment-usage\/\" \/>\n<meta property=\"og:locale\" content=\"fr_FR\" \/>\n<meta property=\"og:type\" content=\"article\" \/>\n<meta property=\"og:title\" content=\"STOCKE\/USAGE - Verco S.r.l. | Benne per escavatori | Pale Caricatrici | Brescia\" \/>\n<meta property=\"og:description\" content=\"Equipment us\u00e9s: machines revision\u00e9s dans notre ateliers, control\u00e9s , remis en \u00e9tat et pr\u00eates \u00e0 demarr\u00e9r\" \/>\n<meta property=\"og:url\" content=\"https:\/\/www.vercosrl.it\/fr\/equipment-usage\/\" \/>\n<meta property=\"og:site_name\" content=\"Verco S.r.l. | Benne per escavatori | Pale Caricatrici | Brescia\" \/>\n<meta property=\"article:modified_time\" content=\"2021-05-25T06:43:40+00:00\" \/>\n<meta name=\"twitter:card\" content=\"summary_large_image\" \/>\n<script type=\"application\/ld+json\" class=\"yoast-schema-graph\">{\"@context\":\"https:\/\/schema.org\",\"@graph\":[{\"@type\":\"WebSite\",\"@id\":\"https:\/\/www.vercosrl.it\/fr\/#website\",\"url\":\"https:\/\/www.vercosrl.it\/fr\/\",\"name\":\"Verco S.r.l. | Benne per escavatori | Pale Caricatrici | Brescia\",\"description\":\"Produzione Benne per Escavatori, Pale Caricatrici, Macchine Demolizione\",\"potentialAction\":[{\"@type\":\"SearchAction\",\"target\":\"https:\/\/www.vercosrl.it\/fr\/?s={search_term_string}\",\"query-input\":\"required name=search_term_string\"}],\"inLanguage\":\"fr-FR\"},{\"@type\":\"WebPage\",\"@id\":\"https:\/\/www.vercosrl.it\/fr\/equipment-usage\/#webpage\",\"url\":\"https:\/\/www.vercosrl.it\/fr\/equipment-usage\/\",\"name\":\"STOCKE\/USAGE - Verco S.r.l. | Benne per escavatori | Pale Caricatrici | Brescia\",\"isPartOf\":{\"@id\":\"https:\/\/www.vercosrl.it\/fr\/#website\"},\"datePublished\":\"2020-11-27T07:55:12+00:00\",\"dateModified\":\"2021-05-25T06:43:40+00:00\",\"description\":\"Equipment us\\u00e9s: machines revision\\u00e9s dans notre ateliers, control\\u00e9s , remis en \\u00e9tat et pr\\u00eates \\u00e0 demarr\\u00e9r\",\"breadcrumb\":{\"@id\":\"https:\/\/www.vercosrl.it\/fr\/equipment-usage\/#breadcrumb\"},\"inLanguage\":\"fr-FR\",\"potentialAction\":[{\"@type\":\"ReadAction\",\"target\":[\"https:\/\/www.vercosrl.it\/fr\/equipment-usage\/\"]}]},{\"@type\":\"BreadcrumbList\",\"@id\":\"https:\/\/www.vercosrl.it\/fr\/equipment-usage\/#breadcrumb\",\"itemListElement\":[{\"@type\":\"ListItem\",\"position\":1,\"item\":{\"@type\":\"WebPage\",\"@id\":\"https:\/\/www.vercosrl.it\/fr\/\",\"url\":\"https:\/\/www.vercosrl.it\/fr\/\",\"name\":\"Home\"}},{\"@type\":\"ListItem\",\"position\":2,\"item\":{\"@type\":\"WebPage\",\"@id\":\"https:\/\/www.vercosrl.it\/fr\/equipment-usage\/\",\"url\":\"https:\/\/www.vercosrl.it\/fr\/equipment-usage\/\",\"name\":\"STOCKE\/USAGE\"}}]}]}<\/script>\n<!-- \/ Yoast SEO plugin. -->","_links":{"self":[{"href":"https:\/\/www.vercosrl.it\/fr\/wp-json\/wp\/v2\/pages\/2725\/"}],"collection":[{"href":"https:\/\/www.vercosrl.it\/fr\/wp-json\/wp\/v2\/pages\/"}],"about":[{"href":"https:\/\/www.vercosrl.it\/fr\/wp-json\/wp\/v2\/types\/page\/"}],"author":[{"embeddable":true,"href":"https:\/\/www.vercosrl.it\/fr\/wp-json\/wp\/v2\/users\/3\/"}],"replies":[{"embeddable":true,"href":"https:\/\/www.vercosrl.it\/fr\/wp-json\/wp\/v2\/comments\/?post=2725"}],"version-history":[{"count":5,"href":"https:\/\/www.vercosrl.it\/fr\/wp-json\/wp\/v2\/pages\/2725\/revisions\/"}],"predecessor-version":[{"id":2909,"href":"https:\/\/www.vercosrl.it\/fr\/wp-json\/wp\/v2\/pages\/2725\/revisions\/2909\/"}],"wp:attachment":[{"href":"https:\/\/www.vercosrl.it\/fr\/wp-json\/wp\/v2\/media\/?parent=2725"}],"curies":[{"name":"wp","href":"https:\/\/api.w.org\/{rel}","templated":true}]}}