{"id":401,"date":"2018-01-25T10:01:51","date_gmt":"2018-01-25T09:01:51","guid":{"rendered":"http:\/\/www.vercosrl.it\/?page_id=401"},"modified":"2021-07-22T09:23:31","modified_gmt":"2021-07-22T07:23:31","slug":"chi-siamo","status":"publish","type":"page","link":"https:\/\/www.vercosrl.it\/fr\/chi-siamo\/","title":{"rendered":"Qui sommes-nous"},"content":{"rendered":"<h1>Qui sommes-nous<\/h1>\n<p><strong>VERCO S.r.l. est une soci\u00e9t\u00e9 manufacturi\u00e8re italienne que produit des \u00e9quipements et des pi\u00e8ces d\u00e9tach\u00e9es pour les trois secteurs: terrassement, d\u00e9molition et recyclage.<\/strong><\/p>\n<p><strong>Fond\u00e9e en 1985 gr\u00e2ce \u00e0 la passion et \u00e0 l&rsquo;exp\u00e9rience de ses associ\u00e9s, l&rsquo;usine combine au mieux l&rsquo;excellence de la production et l&rsquo;utilisation de l&rsquo;un des meilleurs aciers contre l&rsquo;usure du march\u00e9: l\u2019 Hardox\u00ae.<\/strong><\/p>\n<p>Verco s\u2019approvisionne en directe de l&rsquo;aci\u00e9rie su\u00e9doise SSAB Oxel\u00f6sund d\u2019o\u00f9 elle importe plus de 1500 tonnes de mat\u00e9riau par an. En 2003, elle est \u00e9galement devenue membre des r\u00e9seaux HARDOX\u00ae WEARPARTS et HARDOX\u00ae IN MY BODY.<\/p>\n<p>Tous les produits sont enti\u00e8rement fabriqu\u00e9s au centre productif de Vobarno (Bs), d\u2019entre un des p\u00f4les industriels les plus florissants d&rsquo;Italie et d&rsquo;Europe.<\/p>\n","protected":false},"excerpt":{"rendered":"<p>Qui sommes-nous VERCO S.r.l. est une soci\u00e9t\u00e9 manufacturi\u00e8re italienne que produit des \u00e9quipements et des pi\u00e8ces d\u00e9tach\u00e9es pour les trois secteurs: terrassement, d\u00e9molition et recyclage. Fond\u00e9e en 1985 gr\u00e2ce \u00e0 la passion et [&hellip;]<\/p>\n","protected":false},"author":1,"featured_media":3009,"parent":0,"menu_order":20,"comment_status":"closed","ping_status":"closed","template":"template-azienda.php","meta":[],"yoast_head":"<!-- This site is optimized with the Yoast SEO plugin v15.1 - https:\/\/yoast.com\/wordpress\/plugins\/seo\/ -->\n<meta name=\"description\" content=\"Production de godets pour pelles et chargeuses , godets aci\u00e9rie, carri\u00e8re, mine, production de ciseaux \u00e0 ferraille, broyeurs, casse-rails, lames, contrelames et pi\u00e8ces d\u00e9tach\u00e9es.\" \/>\n<meta name=\"robots\" content=\"index, follow, max-snippet:-1, max-image-preview:large, max-video-preview:-1\" \/>\n<link rel=\"canonical\" href=\"https:\/\/www.vercosrl.it\/fr\/chi-siamo\/\" \/>\n<meta property=\"og:locale\" content=\"fr_FR\" \/>\n<meta property=\"og:type\" content=\"article\" \/>\n<meta property=\"og:title\" content=\"Qui sommes-nous - Verco S.r.l. | Benne per escavatori | Pale Caricatrici | Brescia\" \/>\n<meta property=\"og:description\" content=\"Production de godets pour pelles et chargeuses , godets aci\u00e9rie, carri\u00e8re, mine, production de ciseaux \u00e0 ferraille, broyeurs, casse-rails, lames, contrelames et pi\u00e8ces d\u00e9tach\u00e9es.\" \/>\n<meta property=\"og:url\" content=\"https:\/\/www.vercosrl.it\/fr\/chi-siamo\/\" \/>\n<meta property=\"og:site_name\" content=\"Verco S.r.l. | Benne per escavatori | Pale Caricatrici | Brescia\" \/>\n<meta property=\"article:modified_time\" content=\"2021-07-22T07:23:31+00:00\" \/>\n<meta property=\"og:image\" content=\"https:\/\/www.vercosrl.it\/content\/uploads\/2021\/04\/produzione-benne-escavatori-pale-caricatrici-vobarno-brescia.jpg\" \/>\n\t<meta property=\"og:image:width\" content=\"1980\" \/>\n\t<meta property=\"og:image:height\" content=\"1020\" \/>\n<meta name=\"twitter:card\" content=\"summary_large_image\" \/>\n<script type=\"application\/ld+json\" class=\"yoast-schema-graph\">{\"@context\":\"https:\/\/schema.org\",\"@graph\":[{\"@type\":\"WebSite\",\"@id\":\"https:\/\/www.vercosrl.it\/fr\/#website\",\"url\":\"https:\/\/www.vercosrl.it\/fr\/\",\"name\":\"Verco S.r.l. | Benne per escavatori | Pale Caricatrici | Brescia\",\"description\":\"Produzione Benne per Escavatori, Pale Caricatrici, Macchine Demolizione\",\"potentialAction\":[{\"@type\":\"SearchAction\",\"target\":\"https:\/\/www.vercosrl.it\/fr\/?s={search_term_string}\",\"query-input\":\"required name=search_term_string\"}],\"inLanguage\":\"fr-FR\"},{\"@type\":\"ImageObject\",\"@id\":\"https:\/\/www.vercosrl.it\/fr\/chi-siamo\/#primaryimage\",\"inLanguage\":\"fr-FR\",\"url\":\"https:\/\/www.vercosrl.it\/content\/uploads\/2021\/04\/produzione-benne-escavatori-pale-caricatrici-vobarno-brescia.jpg\",\"width\":1980,\"height\":1020,\"caption\":\"produzione-benne-escavatori-pale-caricatrici-vobarno-brescia\"},{\"@type\":\"WebPage\",\"@id\":\"https:\/\/www.vercosrl.it\/fr\/chi-siamo\/#webpage\",\"url\":\"https:\/\/www.vercosrl.it\/fr\/chi-siamo\/\",\"name\":\"Qui sommes-nous - Verco S.r.l. | Benne per escavatori | Pale Caricatrici | Brescia\",\"isPartOf\":{\"@id\":\"https:\/\/www.vercosrl.it\/fr\/#website\"},\"primaryImageOfPage\":{\"@id\":\"https:\/\/www.vercosrl.it\/fr\/chi-siamo\/#primaryimage\"},\"datePublished\":\"2018-01-25T09:01:51+00:00\",\"dateModified\":\"2021-07-22T07:23:31+00:00\",\"description\":\"Production de godets pour pelles et chargeuses , godets aci\\u00e9rie, carri\\u00e8re, mine, production de ciseaux \\u00e0 ferraille, broyeurs, casse-rails, lames, contrelames et pi\\u00e8ces d\\u00e9tach\\u00e9es.\",\"breadcrumb\":{\"@id\":\"https:\/\/www.vercosrl.it\/fr\/chi-siamo\/#breadcrumb\"},\"inLanguage\":\"fr-FR\",\"potentialAction\":[{\"@type\":\"ReadAction\",\"target\":[\"https:\/\/www.vercosrl.it\/fr\/chi-siamo\/\"]}]},{\"@type\":\"BreadcrumbList\",\"@id\":\"https:\/\/www.vercosrl.it\/fr\/chi-siamo\/#breadcrumb\",\"itemListElement\":[{\"@type\":\"ListItem\",\"position\":1,\"item\":{\"@type\":\"WebPage\",\"@id\":\"https:\/\/www.vercosrl.it\/fr\/\",\"url\":\"https:\/\/www.vercosrl.it\/fr\/\",\"name\":\"Home\"}},{\"@type\":\"ListItem\",\"position\":2,\"item\":{\"@type\":\"WebPage\",\"@id\":\"https:\/\/www.vercosrl.it\/fr\/chi-siamo\/\",\"url\":\"https:\/\/www.vercosrl.it\/fr\/chi-siamo\/\",\"name\":\"Qui sommes-nous\"}}]}]}<\/script>\n<!-- \/ Yoast SEO plugin. -->","_links":{"self":[{"href":"https:\/\/www.vercosrl.it\/fr\/wp-json\/wp\/v2\/pages\/401\/"}],"collection":[{"href":"https:\/\/www.vercosrl.it\/fr\/wp-json\/wp\/v2\/pages\/"}],"about":[{"href":"https:\/\/www.vercosrl.it\/fr\/wp-json\/wp\/v2\/types\/page\/"}],"author":[{"embeddable":true,"href":"https:\/\/www.vercosrl.it\/fr\/wp-json\/wp\/v2\/users\/1\/"}],"replies":[{"embeddable":true,"href":"https:\/\/www.vercosrl.it\/fr\/wp-json\/wp\/v2\/comments\/?post=401"}],"version-history":[{"count":6,"href":"https:\/\/www.vercosrl.it\/fr\/wp-json\/wp\/v2\/pages\/401\/revisions\/"}],"predecessor-version":[{"id":451,"href":"https:\/\/www.vercosrl.it\/fr\/wp-json\/wp\/v2\/pages\/401\/revisions\/451\/"}],"wp:featuredmedia":[{"embeddable":true,"href":"https:\/\/www.vercosrl.it\/fr\/wp-json\/wp\/v2\/media\/3009\/"}],"wp:attachment":[{"href":"https:\/\/www.vercosrl.it\/fr\/wp-json\/wp\/v2\/media\/?parent=401"}],"curies":[{"name":"wp","href":"https:\/\/api.w.org\/{rel}","templated":true}]}}