{"id":410,"date":"2018-01-25T10:02:02","date_gmt":"2018-01-25T09:02:02","guid":{"rendered":"http:\/\/www.vercosrl.it\/?page_id=410"},"modified":"2020-11-27T10:44:35","modified_gmt":"2020-11-27T09:44:35","slug":"lavorazioni","status":"publish","type":"page","link":"https:\/\/www.vercosrl.it\/fr\/lavorazioni\/","title":{"rendered":"Travailler"},"content":{"rendered":"<h1>Travailler<\/h1>\n<p>Chaque \u00e9tape du travail, depuis d\u00e9but jusqu\u2019au contr\u00f4le qualit\u00e9, est effectu\u00e9 internement par notre \u00e9quipe, en profitant des derni\u00e8res technologies disponibles: logiciels haut de gamme et aux calculs pr\u00e9cis formul\u00e9s par les machines.<\/p>\n<p>La commande est contr\u00f4l\u00e9e par un syst\u00e8me de gestion sp\u00e9cifique qui permet de suivre l&rsquo;avancement en directe en enti\u00e8re, de la d\u00e9coupe \u00e0 la livraison<span style=\"font-size: inherit;\">.<\/span><\/p>\n","protected":false},"excerpt":{"rendered":"<p>Travailler Chaque \u00e9tape du travail, depuis d\u00e9but jusqu\u2019au contr\u00f4le qualit\u00e9, est effectu\u00e9 internement par notre \u00e9quipe, en profitant des derni\u00e8res technologies disponibles: logiciels haut de gamme et aux calculs pr\u00e9cis formul\u00e9s par les [&hellip;]<\/p>\n","protected":false},"author":1,"featured_media":1282,"parent":0,"menu_order":30,"comment_status":"closed","ping_status":"closed","template":"template-lavorazioni.php","meta":[],"yoast_head":"<!-- This site is optimized with the Yoast SEO plugin v15.1 - https:\/\/yoast.com\/wordpress\/plugins\/seo\/ -->\n<meta name=\"robots\" content=\"index, follow, max-snippet:-1, max-image-preview:large, max-video-preview:-1\" \/>\n<link rel=\"canonical\" href=\"https:\/\/www.vercosrl.it\/fr\/lavorazioni\/\" \/>\n<meta property=\"og:locale\" content=\"fr_FR\" \/>\n<meta property=\"og:type\" content=\"article\" \/>\n<meta property=\"og:title\" content=\"Travailler - Verco S.r.l. | Benne per escavatori | Pale Caricatrici | Brescia\" \/>\n<meta property=\"og:description\" content=\"Travailler Chaque \u00e9tape du travail, depuis d\u00e9but jusqu\u2019au contr\u00f4le qualit\u00e9, est effectu\u00e9 internement par notre \u00e9quipe, en profitant des derni\u00e8res technologies disponibles: logiciels haut de gamme et aux calculs pr\u00e9cis formul\u00e9s par les [&hellip;]\" \/>\n<meta property=\"og:url\" content=\"https:\/\/www.vercosrl.it\/fr\/lavorazioni\/\" \/>\n<meta property=\"og:site_name\" content=\"Verco S.r.l. | Benne per escavatori | Pale Caricatrici | Brescia\" \/>\n<meta property=\"article:modified_time\" content=\"2020-11-27T09:44:35+00:00\" \/>\n<meta property=\"og:image\" content=\"https:\/\/www.vercosrl.it\/content\/uploads\/2020\/08\/lavorazioni-meccaniche-benne-acciaio.jpg\" \/>\n\t<meta property=\"og:image:width\" content=\"1980\" \/>\n\t<meta property=\"og:image:height\" content=\"1020\" \/>\n<meta name=\"twitter:card\" content=\"summary_large_image\" \/>\n<script type=\"application\/ld+json\" class=\"yoast-schema-graph\">{\"@context\":\"https:\/\/schema.org\",\"@graph\":[{\"@type\":\"WebSite\",\"@id\":\"https:\/\/www.vercosrl.it\/fr\/#website\",\"url\":\"https:\/\/www.vercosrl.it\/fr\/\",\"name\":\"Verco S.r.l. | Benne per escavatori | Pale Caricatrici | Brescia\",\"description\":\"Produzione Benne per Escavatori, Pale Caricatrici, Macchine Demolizione\",\"potentialAction\":[{\"@type\":\"SearchAction\",\"target\":\"https:\/\/www.vercosrl.it\/fr\/?s={search_term_string}\",\"query-input\":\"required name=search_term_string\"}],\"inLanguage\":\"fr-FR\"},{\"@type\":\"ImageObject\",\"@id\":\"https:\/\/www.vercosrl.it\/fr\/lavorazioni\/#primaryimage\",\"inLanguage\":\"fr-FR\",\"url\":\"https:\/\/www.vercosrl.it\/content\/uploads\/2020\/08\/lavorazioni-meccaniche-benne-acciaio.jpg\",\"width\":1980,\"height\":1020,\"caption\":\"Lavorazioni piegatura acciaio per realizzazione benne movimento terra e roccia\"},{\"@type\":\"WebPage\",\"@id\":\"https:\/\/www.vercosrl.it\/fr\/lavorazioni\/#webpage\",\"url\":\"https:\/\/www.vercosrl.it\/fr\/lavorazioni\/\",\"name\":\"Travailler - Verco S.r.l. | Benne per escavatori | Pale Caricatrici | Brescia\",\"isPartOf\":{\"@id\":\"https:\/\/www.vercosrl.it\/fr\/#website\"},\"primaryImageOfPage\":{\"@id\":\"https:\/\/www.vercosrl.it\/fr\/lavorazioni\/#primaryimage\"},\"datePublished\":\"2018-01-25T09:02:02+00:00\",\"dateModified\":\"2020-11-27T09:44:35+00:00\",\"breadcrumb\":{\"@id\":\"https:\/\/www.vercosrl.it\/fr\/lavorazioni\/#breadcrumb\"},\"inLanguage\":\"fr-FR\",\"potentialAction\":[{\"@type\":\"ReadAction\",\"target\":[\"https:\/\/www.vercosrl.it\/fr\/lavorazioni\/\"]}]},{\"@type\":\"BreadcrumbList\",\"@id\":\"https:\/\/www.vercosrl.it\/fr\/lavorazioni\/#breadcrumb\",\"itemListElement\":[{\"@type\":\"ListItem\",\"position\":1,\"item\":{\"@type\":\"WebPage\",\"@id\":\"https:\/\/www.vercosrl.it\/fr\/\",\"url\":\"https:\/\/www.vercosrl.it\/fr\/\",\"name\":\"Home\"}},{\"@type\":\"ListItem\",\"position\":2,\"item\":{\"@type\":\"WebPage\",\"@id\":\"https:\/\/www.vercosrl.it\/fr\/lavorazioni\/\",\"url\":\"https:\/\/www.vercosrl.it\/fr\/lavorazioni\/\",\"name\":\"Travailler\"}}]}]}<\/script>\n<!-- \/ Yoast SEO plugin. -->","_links":{"self":[{"href":"https:\/\/www.vercosrl.it\/fr\/wp-json\/wp\/v2\/pages\/410\/"}],"collection":[{"href":"https:\/\/www.vercosrl.it\/fr\/wp-json\/wp\/v2\/pages\/"}],"about":[{"href":"https:\/\/www.vercosrl.it\/fr\/wp-json\/wp\/v2\/types\/page\/"}],"author":[{"embeddable":true,"href":"https:\/\/www.vercosrl.it\/fr\/wp-json\/wp\/v2\/users\/1\/"}],"replies":[{"embeddable":true,"href":"https:\/\/www.vercosrl.it\/fr\/wp-json\/wp\/v2\/comments\/?post=410"}],"version-history":[{"count":8,"href":"https:\/\/www.vercosrl.it\/fr\/wp-json\/wp\/v2\/pages\/410\/revisions\/"}],"predecessor-version":[{"id":1257,"href":"https:\/\/www.vercosrl.it\/fr\/wp-json\/wp\/v2\/pages\/410\/revisions\/1257\/"}],"wp:featuredmedia":[{"embeddable":true,"href":"https:\/\/www.vercosrl.it\/fr\/wp-json\/wp\/v2\/media\/1282\/"}],"wp:attachment":[{"href":"https:\/\/www.vercosrl.it\/fr\/wp-json\/wp\/v2\/media\/?parent=410"}],"curies":[{"name":"wp","href":"https:\/\/api.w.org\/{rel}","templated":true}]}}